{"id":29,"date":"2016-06-17T14:38:34","date_gmt":"2016-06-17T14:38:34","guid":{"rendered":"http:\/\/solveig-sylt.de\/?page_id=29"},"modified":"2023-10-10T10:38:06","modified_gmt":"2023-10-10T10:38:06","slug":"impressum","status":"publish","type":"page","link":"https:\/\/solveig-sylt.de\/?page_id=29","title":{"rendered":"Impressum"},"content":{"rendered":"<p>Adresse:<br \/>\nThorsten Wischer<br \/>\nBastianstra\u00dfe 11<br \/>\n25980 Sylt-Westerland<\/p>\n<p>Telekomunikation:<br \/>\nTelefon:       0171 \/ 417 59 75<br \/>\nE-Mail:     wischer@solveig-sylt.de<br \/>\nInternet:  https:\/\/www.solveig-sylt.de<\/p>\n<p>Diese Seite enth\u00e4lt Informationen, die laut &#8222;Teledienstgesetz&#8220; (TDG), &#8222;Mediendienste-Staatsvertrag&#8220; (MDStV) und &#8222;Gesetz \u00fcber rechtlicheRahmenbedingungen f\u00fcr den elektronischen Gesch\u00e4ftsverkehr&#8220; (EGG) ver\u00f6ffentlich werden m\u00fcssen.<br \/>\nCopyright: W. Wischer &#8222;Haus Solveig&#8220;<br \/>\nInhalt des Onlineangebotes:<br \/>\nDer Autor \u00fcbernimmt keinerlei Gew\u00e4hr f\u00fcr die Aktualit\u00e4t, Korrektheit, Vollst\u00e4ndigkeit oder Qualit\u00e4t der bereitgestellten Informationen. Haftungsanspr\u00fcche gegen den Autor, welche sich auf Sch\u00e4den materieller oder ideeller Art beziehen, die durch die Nutzung oder Nichtnutzung der dargebotenen Informationen bzw. durch die Nutzung fehlerhafter und unvollst\u00e4ndiger Informationen verursacht<br \/>\nwurden,sind grunds\u00e4tzlich ausgeschlossen.<br \/>\nAlle Angebote sind freibleibend und unverbindlich.<br \/>\nAlle Rechte vorbehalten. Jede Vervielf\u00e4ltigung oder Weiterverbreitung in jedem Medium<br \/>\nals Ganzes oder auch in Teilen bedarf der schriftlichen Zustimmung von &#8222;Haus Solveig&#8220;<br \/>\nSollte der Inhalt dieser Seite inkl. Unterseiten und Links fremde Rechte Dritter oder gesetzliche Bestimmungen verletzen, informieren Sie uns ohne Kostennote. Wir garantieren, dass zu Recht beanstandete Passagen unverz\u00fcglich entfernt oder ge\u00e4ndert werden, ohne dass von Ihrer Seite die Einschaltung eines Rechtsbeistandes erforderlich ist. Dennoch von Ihnen ohne vorherige Kontaktaufnahme ausgel\u00f6ste Kosten werden zur\u00fcckgewiesen und gegebenenfalls Gegenklage wegen Verletzung vorgenannter Bestimmungen eingereicht.<\/p>\n<p>Mit Urteil vom 12. Mai 1998 hat das Landgericht Hamburg entschieden, dass man durch Links die Inhalte der gelinkten Seite ggf. mit zu verantworten hat. Dies kann &#8211; so das LG &#8211; nur dadurch verhindert werden, dass man sich ausdr\u00fccklich von diesen Inhalten distanziert. Wir haben auf unserer Seite Links zu anderen Seiten im Internet gelegt. F\u00fcr all diese Links gilt: Wir m\u00f6chten ausdr\u00fccklich betonen, dass wir keinerlei Einfluss auf die Gestaltung und die Inhalte der gelinkten Seiten haben. Deshalb distanzieren wir uns hiermit ausdr\u00fccklich von allen Inhalten aller gelinkten Seiten. Und wir machen uns deren Inhalte nicht zu Eigen. Diese Erkl\u00e4rung gilt f\u00fcr alle auf unserer Seiten befindlichen Links und f\u00fcr alle Inhalte der Seiten<\/p>\n","protected":false},"excerpt":{"rendered":"<p>Adresse: Thorsten Wischer Bastianstra\u00dfe 11 25980 Sylt-Westerland Telekomunikation: Telefon: 0171 \/ 417 59 75 E-Mail: wischer@solveig-sylt.de Internet: https:\/\/www.solveig-sylt.de Diese Seite enth\u00e4lt Informationen, die laut &#8222;Teledienstgesetz&#8220; (TDG), &#8222;Mediendienste-Staatsvertrag&#8220; (MDStV) und &#8222;Gesetz \u00fcber rechtlicheRahmenbedingungen f\u00fcr den elektronischen Gesch\u00e4ftsverkehr&#8220; (EGG) ver\u00f6ffentlich werden m\u00fcssen. Copyright: W. Wischer &#8222;Haus Solveig&#8220; Inhalt des Onlineangebotes: Der Autor \u00fcbernimmt keinerlei Gew\u00e4hr f\u00fcr die &hellip; <a href=\"https:\/\/solveig-sylt.de\/?page_id=29\" class=\"more-link\">Weiterlesen <span class=\"screen-reader-text\">Impressum<\/span><\/a><\/p>\n","protected":false},"author":1,"featured_media":0,"parent":0,"menu_order":0,"comment_status":"closed","ping_status":"closed","template":"page-templates\/full-width-page.php","meta":{"ngg_post_thumbnail":0,"footnotes":""},"class_list":["post-29","page","type-page","status-publish","hentry","without-featured-image"],"_links":{"self":[{"href":"https:\/\/solveig-sylt.de\/index.php?rest_route=\/wp\/v2\/pages\/29","targetHints":{"allow":["GET"]}}],"collection":[{"href":"https:\/\/solveig-sylt.de\/index.php?rest_route=\/wp\/v2\/pages"}],"about":[{"href":"https:\/\/solveig-sylt.de\/index.php?rest_route=\/wp\/v2\/types\/page"}],"author":[{"embeddable":true,"href":"https:\/\/solveig-sylt.de\/index.php?rest_route=\/wp\/v2\/users\/1"}],"replies":[{"embeddable":true,"href":"https:\/\/solveig-sylt.de\/index.php?rest_route=%2Fwp%2Fv2%2Fcomments&post=29"}],"version-history":[{"count":6,"href":"https:\/\/solveig-sylt.de\/index.php?rest_route=\/wp\/v2\/pages\/29\/revisions"}],"predecessor-version":[{"id":561,"href":"https:\/\/solveig-sylt.de\/index.php?rest_route=\/wp\/v2\/pages\/29\/revisions\/561"}],"wp:attachment":[{"href":"https:\/\/solveig-sylt.de\/index.php?rest_route=%2Fwp%2Fv2%2Fmedia&parent=29"}],"curies":[{"name":"wp","href":"https:\/\/api.w.org\/{rel}","templated":true}]}}