{"id":27,"date":"2016-06-17T14:37:46","date_gmt":"2016-06-17T14:37:46","guid":{"rendered":"http:\/\/solveig-sylt.de\/?page_id=27"},"modified":"2023-10-10T10:40:57","modified_gmt":"2023-10-10T10:40:57","slug":"appartement-friso","status":"publish","type":"page","link":"https:\/\/solveig-sylt.de\/?page_id=27","title":{"rendered":"Appartement &#8222;Friso&#8220;"},"content":{"rendered":"<div id=\"pl-27\"  class=\"panel-layout\" ><div id=\"pg-27-0\"  class=\"panel-grid panel-no-style\" ><div id=\"pgc-27-0-0\"  class=\"panel-grid-cell\" ><div id=\"panel-27-0-0-0\" class=\"so-panel widget widget_sow-editor panel-first-child panel-last-child\" data-index=\"0\" ><div\n\t\t\t\n\t\t\tclass=\"so-widget-sow-editor so-widget-sow-editor-base\"\n\t\t\t\n\t\t>\n<div class=\"siteorigin-widget-tinymce textwidget\">\n\t<p><strong>Lage&nbsp;<\/strong><\/p>\n<p>Dieses Appartement wurde nach DIN mit 3 Sternen bewertet. Es liegt im Erdgeschoss des Haupthauses,<br \/>\nhat eine Gr\u00f6\u00dfe von ca. 45 qm und ist f\u00fcr bis zu 3 Personen belegbar.<\/p>\n<p><strong>Ausstattung&nbsp;<\/strong><\/p>\n<p>- Wohnzimmer mit ausziehbarer Couch, Schlafcouch,<br \/>\nKabel-\/SAT - TV, Flachbildfernseher, Radio - Wecker,<br \/>\nW-Lan kostenlos auf dem Grundst\u00fcck verf\u00fcgbar.<br \/>\n- Schlafzimmer mit Doppelbett,<br \/>\n- separate K\u00fcche, komplett mit Geschirr ausgestattet, Backofen,<br \/>\nElektroherd, Microwelle, Wasserkocher, Kaffee \/ Teemaschine, Eierkocher,<br \/>\n- Essecke,<br \/>\n- Dusche \/WC, Haarf\u00f6n, Kosmetikspiegel.<\/p>\n<p><strong>Saison 2023 \/ 2024<\/strong><\/p>\n<p>Preise gelten pro \u00dcbernachtung<br \/>\nW\u00e4schepaket 29,00 Euro<br \/>\nzuz\u00fcglich Endreinigung 80,00 \u20ac<\/p>\n<\/div>\n<\/div><\/div><\/div><div id=\"pgc-27-0-1\"  class=\"panel-grid-cell\" ><div id=\"panel-27-0-1-0\" class=\"so-panel widget widget_sow-editor panel-first-child panel-last-child\" data-index=\"1\" ><div\n\t\t\t\n\t\t\tclass=\"so-widget-sow-editor so-widget-sow-editor-base\"\n\t\t\t\n\t\t>\n<div class=\"siteorigin-widget-tinymce textwidget\">\n\t<p><!-- index.php -->\n<div\n\tclass=\"ngg-galleryoverview\n\t\t\"\n\tid=\"ngg-gallery-b0f4bc481246eac5522f9ab60486ef87-1\">\n\n\t\t\t<!-- Thumbnails -->\n\t\t\t\t<div id=\"ngg-image-0\" class=\"ngg-gallery-thumbnail-box\"\n\t\t\t\t\t\t\t\t\t\t\t>\n\t\t\t\t\t\t<div class=\"ngg-gallery-thumbnail\">\n\t\t\t<a href=\"https:\/\/solveig-sylt.de\/wp-content\/gallery\/Friso\/1.jpg\"\n\t\t\t\ttitle=\"\"\n\t\t\t\tdata-src=\"https:\/\/solveig-sylt.de\/wp-content\/gallery\/Friso\/1.jpg\"\n\t\t\t\tdata-thumbnail=\"https:\/\/solveig-sylt.de\/wp-content\/gallery\/Friso\/thumbs\/thumbs_1.jpg\"\n\t\t\t\tdata-image-id=\"58\"\n\t\t\t\tdata-title=\"1\"\n\t\t\t\tdata-description=\"\"\n\t\t\t\tdata-image-slug=\"1-14\"\n\t\t\t\t\t\t\t\t\t\t\t\t\t\t\t\t\t\t\t\tclass=\"ngg-fancybox\" rel=\"b0f4bc481246eac5522f9ab60486ef87\">\n\t\t\t\t\t\t\t\t<img\n\t\t\t\t\ttitle=\"1\"\n\t\t\t\t\talt=\"1\"\n\t\t\t\t\tsrc=\"https:\/\/solveig-sylt.de\/wp-content\/gallery\/Friso\/cache\/1.jpg-nggid0258-ngg0dyn-340x560x100-00f0w010c010r110f110r010t010.jpg\"\n\t\t\t\t\twidth=\"340\"\n\t\t\t\t\theight=\"255\"\n\t\t\t\t\tstyle=\"max-width:100%;\"\n\t\t\t\t\/>\n\t\t\t<\/a>\n\t\t<\/div>\n\t\t\t\t\t\t\t<\/div>\n\t\t\t\n\t\t\n\t\t\t\t<div id=\"ngg-image-1\" class=\"ngg-gallery-thumbnail-box\"\n\t\t\t\t\t\t\t\tstyle=&quot;display: none;&quot;\t\t\t>\n\t\t\t\t\t\t<div class=\"ngg-gallery-thumbnail\">\n\t\t\t<a href=\"https:\/\/solveig-sylt.de\/wp-content\/gallery\/Friso\/2.jpg\"\n\t\t\t\ttitle=\"\"\n\t\t\t\tdata-src=\"https:\/\/solveig-sylt.de\/wp-content\/gallery\/Friso\/2.jpg\"\n\t\t\t\tdata-thumbnail=\"https:\/\/solveig-sylt.de\/wp-content\/gallery\/Friso\/thumbs\/thumbs_2.jpg\"\n\t\t\t\tdata-image-id=\"59\"\n\t\t\t\tdata-title=\"2\"\n\t\t\t\tdata-description=\"\"\n\t\t\t\tdata-image-slug=\"2\"\n\t\t\t\t\t\t\t\t\t\t\t\t\t\t\t\t\t\t\t\tclass=\"ngg-fancybox\" rel=\"b0f4bc481246eac5522f9ab60486ef87\">\n\t\t\t\t\t\t\t\t<img\n\t\t\t\t\ttitle=\"2\"\n\t\t\t\t\talt=\"2\"\n\t\t\t\t\tsrc=\"https:\/\/solveig-sylt.de\/wp-content\/gallery\/Friso\/cache\/2.jpg-nggid0259-ngg0dyn-340x560x100-00f0w010c010r110f110r010t010.jpg\"\n\t\t\t\t\twidth=\"340\"\n\t\t\t\t\theight=\"255\"\n\t\t\t\t\tstyle=\"max-width:100%;\"\n\t\t\t\t\/>\n\t\t\t<\/a>\n\t\t<\/div>\n\t\t\t\t\t\t\t<\/div>\n\t\t\t\n\t\t\n\t\t\t\t<div id=\"ngg-image-2\" class=\"ngg-gallery-thumbnail-box\"\n\t\t\t\t\t\t\t\tstyle=&quot;display: none;&quot;\t\t\t>\n\t\t\t\t\t\t<div class=\"ngg-gallery-thumbnail\">\n\t\t\t<a href=\"https:\/\/solveig-sylt.de\/wp-content\/gallery\/Friso\/10.jpg\"\n\t\t\t\ttitle=\"OLYMPUS DIGITAL CAMERA\"\n\t\t\t\tdata-src=\"https:\/\/solveig-sylt.de\/wp-content\/gallery\/Friso\/10.jpg\"\n\t\t\t\tdata-thumbnail=\"https:\/\/solveig-sylt.de\/wp-content\/gallery\/Friso\/thumbs\/thumbs_10.jpg\"\n\t\t\t\tdata-image-id=\"62\"\n\t\t\t\tdata-title=\"OLYMPUS DIGITAL CAMERA\"\n\t\t\t\tdata-description=\"OLYMPUS DIGITAL CAMERA\"\n\t\t\t\tdata-image-slug=\"10\"\n\t\t\t\t\t\t\t\t\t\t\t\t\t\t\t\t\t\t\t\tclass=\"ngg-fancybox\" rel=\"b0f4bc481246eac5522f9ab60486ef87\">\n\t\t\t\t\t\t\t\t<img\n\t\t\t\t\ttitle=\"OLYMPUS DIGITAL CAMERA\"\n\t\t\t\t\talt=\"OLYMPUS DIGITAL CAMERA\"\n\t\t\t\t\tsrc=\"https:\/\/solveig-sylt.de\/wp-content\/gallery\/Friso\/cache\/10.jpg-nggid0262-ngg0dyn-340x560x100-00f0w010c010r110f110r010t010.jpg\"\n\t\t\t\t\twidth=\"340\"\n\t\t\t\t\theight=\"255\"\n\t\t\t\t\tstyle=\"max-width:100%;\"\n\t\t\t\t\/>\n\t\t\t<\/a>\n\t\t<\/div>\n\t\t\t\t\t\t\t<\/div>\n\t\t\t\n\t\t\n\t\t\t\t<div id=\"ngg-image-3\" class=\"ngg-gallery-thumbnail-box\"\n\t\t\t\t\t\t\t\tstyle=&quot;display: none;&quot;\t\t\t>\n\t\t\t\t\t\t<div class=\"ngg-gallery-thumbnail\">\n\t\t\t<a href=\"https:\/\/solveig-sylt.de\/wp-content\/gallery\/Friso\/12.jpg\"\n\t\t\t\ttitle=\"OLYMPUS DIGITAL CAMERA\"\n\t\t\t\tdata-src=\"https:\/\/solveig-sylt.de\/wp-content\/gallery\/Friso\/12.jpg\"\n\t\t\t\tdata-thumbnail=\"https:\/\/solveig-sylt.de\/wp-content\/gallery\/Friso\/thumbs\/thumbs_12.jpg\"\n\t\t\t\tdata-image-id=\"63\"\n\t\t\t\tdata-title=\"OLYMPUS DIGITAL CAMERA\"\n\t\t\t\tdata-description=\"OLYMPUS DIGITAL CAMERA\"\n\t\t\t\tdata-image-slug=\"12\"\n\t\t\t\t\t\t\t\t\t\t\t\t\t\t\t\t\t\t\t\tclass=\"ngg-fancybox\" rel=\"b0f4bc481246eac5522f9ab60486ef87\">\n\t\t\t\t\t\t\t\t<img\n\t\t\t\t\ttitle=\"OLYMPUS DIGITAL CAMERA\"\n\t\t\t\t\talt=\"OLYMPUS DIGITAL CAMERA\"\n\t\t\t\t\tsrc=\"https:\/\/solveig-sylt.de\/wp-content\/gallery\/Friso\/cache\/12.jpg-nggid0263-ngg0dyn-340x560x100-00f0w010c010r110f110r010t010.jpg\"\n\t\t\t\t\twidth=\"340\"\n\t\t\t\t\theight=\"255\"\n\t\t\t\t\tstyle=\"max-width:100%;\"\n\t\t\t\t\/>\n\t\t\t<\/a>\n\t\t<\/div>\n\t\t\t\t\t\t\t<\/div>\n\t\t\t\n\t\t\n\t\t\t\t<div id=\"ngg-image-4\" class=\"ngg-gallery-thumbnail-box\"\n\t\t\t\t\t\t\t\tstyle=&quot;display: none;&quot;\t\t\t>\n\t\t\t\t\t\t<div class=\"ngg-gallery-thumbnail\">\n\t\t\t<a href=\"https:\/\/solveig-sylt.de\/wp-content\/gallery\/Friso\/9.jpg\"\n\t\t\t\ttitle=\"\"\n\t\t\t\tdata-src=\"https:\/\/solveig-sylt.de\/wp-content\/gallery\/Friso\/9.jpg\"\n\t\t\t\tdata-thumbnail=\"https:\/\/solveig-sylt.de\/wp-content\/gallery\/Friso\/thumbs\/thumbs_9.jpg\"\n\t\t\t\tdata-image-id=\"61\"\n\t\t\t\tdata-title=\"9\"\n\t\t\t\tdata-description=\"\"\n\t\t\t\tdata-image-slug=\"9\"\n\t\t\t\t\t\t\t\t\t\t\t\t\t\t\t\t\t\t\t\tclass=\"ngg-fancybox\" rel=\"b0f4bc481246eac5522f9ab60486ef87\">\n\t\t\t\t\t\t\t\t<img\n\t\t\t\t\ttitle=\"9\"\n\t\t\t\t\talt=\"9\"\n\t\t\t\t\tsrc=\"https:\/\/solveig-sylt.de\/wp-content\/gallery\/Friso\/cache\/9.jpg-nggid0261-ngg0dyn-340x560x100-00f0w010c010r110f110r010t010.jpg\"\n\t\t\t\t\twidth=\"340\"\n\t\t\t\t\theight=\"453\"\n\t\t\t\t\tstyle=\"max-width:100%;\"\n\t\t\t\t\/>\n\t\t\t<\/a>\n\t\t<\/div>\n\t\t\t\t\t\t\t<\/div>\n\t\t\t\n\t\t\n\t\t\t\t<div id=\"ngg-image-5\" class=\"ngg-gallery-thumbnail-box\"\n\t\t\t\t\t\t\t\tstyle=&quot;display: none;&quot;\t\t\t>\n\t\t\t\t\t\t<div class=\"ngg-gallery-thumbnail\">\n\t\t\t<a href=\"https:\/\/solveig-sylt.de\/wp-content\/gallery\/Friso\/16.jpg\"\n\t\t\t\ttitle=\"OLYMPUS DIGITAL CAMERA\"\n\t\t\t\tdata-src=\"https:\/\/solveig-sylt.de\/wp-content\/gallery\/Friso\/16.jpg\"\n\t\t\t\tdata-thumbnail=\"https:\/\/solveig-sylt.de\/wp-content\/gallery\/Friso\/thumbs\/thumbs_16.jpg\"\n\t\t\t\tdata-image-id=\"66\"\n\t\t\t\tdata-title=\"OLYMPUS DIGITAL CAMERA\"\n\t\t\t\tdata-description=\"OLYMPUS DIGITAL CAMERA\"\n\t\t\t\tdata-image-slug=\"16\"\n\t\t\t\t\t\t\t\t\t\t\t\t\t\t\t\t\t\t\t\tclass=\"ngg-fancybox\" rel=\"b0f4bc481246eac5522f9ab60486ef87\">\n\t\t\t\t\t\t\t\t<img\n\t\t\t\t\ttitle=\"OLYMPUS DIGITAL CAMERA\"\n\t\t\t\t\talt=\"OLYMPUS DIGITAL CAMERA\"\n\t\t\t\t\tsrc=\"https:\/\/solveig-sylt.de\/wp-content\/gallery\/Friso\/cache\/16.jpg-nggid0266-ngg0dyn-340x560x100-00f0w010c010r110f110r010t010.jpg\"\n\t\t\t\t\twidth=\"340\"\n\t\t\t\t\theight=\"255\"\n\t\t\t\t\tstyle=\"max-width:100%;\"\n\t\t\t\t\/>\n\t\t\t<\/a>\n\t\t<\/div>\n\t\t\t\t\t\t\t<\/div>\n\t\t\t\n\t\t\n\t\t\t\t<div id=\"ngg-image-6\" class=\"ngg-gallery-thumbnail-box\"\n\t\t\t\t\t\t\t\tstyle=&quot;display: none;&quot;\t\t\t>\n\t\t\t\t\t\t<div class=\"ngg-gallery-thumbnail\">\n\t\t\t<a href=\"https:\/\/solveig-sylt.de\/wp-content\/gallery\/Friso\/15.jpg\"\n\t\t\t\ttitle=\"OLYMPUS DIGITAL CAMERA\"\n\t\t\t\tdata-src=\"https:\/\/solveig-sylt.de\/wp-content\/gallery\/Friso\/15.jpg\"\n\t\t\t\tdata-thumbnail=\"https:\/\/solveig-sylt.de\/wp-content\/gallery\/Friso\/thumbs\/thumbs_15.jpg\"\n\t\t\t\tdata-image-id=\"65\"\n\t\t\t\tdata-title=\"OLYMPUS DIGITAL CAMERA\"\n\t\t\t\tdata-description=\"OLYMPUS DIGITAL CAMERA\"\n\t\t\t\tdata-image-slug=\"15\"\n\t\t\t\t\t\t\t\t\t\t\t\t\t\t\t\t\t\t\t\tclass=\"ngg-fancybox\" rel=\"b0f4bc481246eac5522f9ab60486ef87\">\n\t\t\t\t\t\t\t\t<img\n\t\t\t\t\ttitle=\"OLYMPUS DIGITAL CAMERA\"\n\t\t\t\t\talt=\"OLYMPUS DIGITAL CAMERA\"\n\t\t\t\t\tsrc=\"https:\/\/solveig-sylt.de\/wp-content\/gallery\/Friso\/cache\/15.jpg-nggid0265-ngg0dyn-340x560x100-00f0w010c010r110f110r010t010.jpg\"\n\t\t\t\t\twidth=\"340\"\n\t\t\t\t\theight=\"255\"\n\t\t\t\t\tstyle=\"max-width:100%;\"\n\t\t\t\t\/>\n\t\t\t<\/a>\n\t\t<\/div>\n\t\t\t\t\t\t\t<\/div>\n\t\t\t\n\t\t\n\t\t\t\t<div id=\"ngg-image-7\" class=\"ngg-gallery-thumbnail-box\"\n\t\t\t\t\t\t\t\tstyle=&quot;display: none;&quot;\t\t\t>\n\t\t\t\t\t\t<div class=\"ngg-gallery-thumbnail\">\n\t\t\t<a href=\"https:\/\/solveig-sylt.de\/wp-content\/gallery\/Friso\/13.jpg\"\n\t\t\t\ttitle=\"OLYMPUS DIGITAL CAMERA\"\n\t\t\t\tdata-src=\"https:\/\/solveig-sylt.de\/wp-content\/gallery\/Friso\/13.jpg\"\n\t\t\t\tdata-thumbnail=\"https:\/\/solveig-sylt.de\/wp-content\/gallery\/Friso\/thumbs\/thumbs_13.jpg\"\n\t\t\t\tdata-image-id=\"64\"\n\t\t\t\tdata-title=\"OLYMPUS DIGITAL CAMERA\"\n\t\t\t\tdata-description=\"OLYMPUS DIGITAL CAMERA\"\n\t\t\t\tdata-image-slug=\"13\"\n\t\t\t\t\t\t\t\t\t\t\t\t\t\t\t\t\t\t\t\tclass=\"ngg-fancybox\" rel=\"b0f4bc481246eac5522f9ab60486ef87\">\n\t\t\t\t\t\t\t\t<img\n\t\t\t\t\ttitle=\"OLYMPUS DIGITAL CAMERA\"\n\t\t\t\t\talt=\"OLYMPUS DIGITAL CAMERA\"\n\t\t\t\t\tsrc=\"https:\/\/solveig-sylt.de\/wp-content\/gallery\/Friso\/cache\/13.jpg-nggid0264-ngg0dyn-340x560x100-00f0w010c010r110f110r010t010.jpg\"\n\t\t\t\t\twidth=\"340\"\n\t\t\t\t\theight=\"255\"\n\t\t\t\t\tstyle=\"max-width:100%;\"\n\t\t\t\t\/>\n\t\t\t<\/a>\n\t\t<\/div>\n\t\t\t\t\t\t\t<\/div>\n\t\t\t\n\t\t\n\t\t\t\t<div id=\"ngg-image-8\" class=\"ngg-gallery-thumbnail-box\"\n\t\t\t\t\t\t\t\tstyle=&quot;display: none;&quot;\t\t\t>\n\t\t\t\t\t\t<div class=\"ngg-gallery-thumbnail\">\n\t\t\t<a href=\"https:\/\/solveig-sylt.de\/wp-content\/gallery\/Friso\/7.jpg\"\n\t\t\t\ttitle=\"\"\n\t\t\t\tdata-src=\"https:\/\/solveig-sylt.de\/wp-content\/gallery\/Friso\/7.jpg\"\n\t\t\t\tdata-thumbnail=\"https:\/\/solveig-sylt.de\/wp-content\/gallery\/Friso\/thumbs\/thumbs_7.jpg\"\n\t\t\t\tdata-image-id=\"60\"\n\t\t\t\tdata-title=\"7\"\n\t\t\t\tdata-description=\"\"\n\t\t\t\tdata-image-slug=\"7\"\n\t\t\t\t\t\t\t\t\t\t\t\t\t\t\t\t\t\t\t\tclass=\"ngg-fancybox\" rel=\"b0f4bc481246eac5522f9ab60486ef87\">\n\t\t\t\t\t\t\t\t<img\n\t\t\t\t\ttitle=\"7\"\n\t\t\t\t\talt=\"7\"\n\t\t\t\t\tsrc=\"https:\/\/solveig-sylt.de\/wp-content\/gallery\/Friso\/cache\/7.jpg-nggid0260-ngg0dyn-340x560x100-00f0w010c010r110f110r010t010.jpg\"\n\t\t\t\t\twidth=\"340\"\n\t\t\t\t\theight=\"255\"\n\t\t\t\t\tstyle=\"max-width:100%;\"\n\t\t\t\t\/>\n\t\t\t<\/a>\n\t\t<\/div>\n\t\t\t\t\t\t\t<\/div>\n\t\t\t\n\t\t\n\t\t\t\t<div id=\"ngg-image-9\" class=\"ngg-gallery-thumbnail-box\"\n\t\t\t\t\t\t\t\tstyle=&quot;display: none;&quot;\t\t\t>\n\t\t\t\t\t\t<div class=\"ngg-gallery-thumbnail\">\n\t\t\t<a href=\"https:\/\/solveig-sylt.de\/wp-content\/gallery\/Friso\/Friso.jpg\"\n\t\t\t\ttitle=\"\"\n\t\t\t\tdata-src=\"https:\/\/solveig-sylt.de\/wp-content\/gallery\/Friso\/Friso.jpg\"\n\t\t\t\tdata-thumbnail=\"https:\/\/solveig-sylt.de\/wp-content\/gallery\/Friso\/thumbs\/thumbs_Friso.jpg\"\n\t\t\t\tdata-image-id=\"38\"\n\t\t\t\tdata-title=\"Friso\"\n\t\t\t\tdata-description=\"\"\n\t\t\t\tdata-image-slug=\"friso\"\n\t\t\t\t\t\t\t\t\t\t\t\t\t\t\t\t\t\t\t\tclass=\"ngg-fancybox\" rel=\"b0f4bc481246eac5522f9ab60486ef87\">\n\t\t\t\t\t\t\t\t<img\n\t\t\t\t\ttitle=\"Friso\"\n\t\t\t\t\talt=\"Friso\"\n\t\t\t\t\tsrc=\"https:\/\/solveig-sylt.de\/wp-content\/gallery\/Friso\/cache\/Friso.jpg-nggid0238-ngg0dyn-340x560x100-00f0w010c010r110f110r010t010.jpg\"\n\t\t\t\t\twidth=\"340\"\n\t\t\t\t\theight=\"300\"\n\t\t\t\t\tstyle=\"max-width:100%;\"\n\t\t\t\t\/>\n\t\t\t<\/a>\n\t\t<\/div>\n\t\t\t\t\t\t\t<\/div>\n\t\t\t\n\t\t\n\t\t\n\t\t<!-- Pagination -->\n\t\t<div class='ngg-navigation'><span class='current'>1<\/span>\n<a class='page-numbers' data-pageid='2' href='https:\/\/solveig-sylt.de\/index.php\/nggallery\/page\/2?page_id=27'>2<\/a>\n<span class='ellipsis'>...<\/span>\n<a class='page-numbers' data-pageid='10' href='https:\/\/solveig-sylt.de\/index.php\/nggallery\/page\/10?page_id=27'>10<\/a>\n<a class='prev' href='https:\/\/solveig-sylt.de\/index.php\/nggallery\/page\/2?page_id=27' data-pageid=\"2\">&#9658;<\/a><\/div>\t<\/div>\n<\/p>\n<\/div>\n<\/div><\/div><\/div><\/div><div id=\"pg-27-1\"  class=\"panel-grid panel-no-style\" ><div id=\"pgc-27-1-0\"  class=\"panel-grid-cell\" ><div id=\"panel-27-1-0-0\" class=\"so-panel widget widget_sow-editor panel-first-child panel-last-child\" data-index=\"2\" ><div\n\t\t\t\n\t\t\tclass=\"so-widget-sow-editor so-widget-sow-editor-base\"\n\t\t\t\n\t\t>\n<div class=\"siteorigin-widget-tinymce textwidget\">\n\t\n<table id=\"tablepress-8\" class=\"tablepress tablepress-id-8\">\n<thead>\n<tr class=\"row-1\">\n\t<th class=\"column-1\">Beschreibung<\/th><th class=\"column-2\">Beginn<\/th><th class=\"column-3\">Ende<\/th><th class=\"column-4\">Preis pro Nacht<\/th>\n<\/tr>\n<\/thead>\n<tbody class=\"row-striping row-hover\">\n<tr class=\"row-2\">\n\t<td class=\"column-1\">Nebensaison <\/td><td class=\"column-2\">06.01.2025<\/td><td class=\"column-3\">06.04.2025<\/td><td class=\"column-4\">74 \u20ac<\/td>\n<\/tr>\n<tr class=\"row-3\">\n\t<td class=\"column-1\">Zwischensaison<\/td><td class=\"column-2\">07.04.2025<\/td><td class=\"column-3\">02.06.2025<\/td><td class=\"column-4\">89 \u20ac<\/td>\n<\/tr>\n<tr class=\"row-4\">\n\t<td class=\"column-1\">Pfingsten<\/td><td class=\"column-2\">03.06.2025<\/td><td class=\"column-3\">14.06.2025<\/td><td class=\"column-4\">109 \u20ac<\/td>\n<\/tr>\n<tr class=\"row-5\">\n\t<td class=\"column-1\">Zwischensaison<\/td><td class=\"column-2\">15.06.2025<\/td><td class=\"column-3\">26.06.2025<\/td><td class=\"column-4\">89 \u20ac<\/td>\n<\/tr>\n<tr class=\"row-6\">\n\t<td class=\"column-1\">Hauptsaison<\/td><td class=\"column-2\">27.06.2025<\/td><td class=\"column-3\">05.09.2025<\/td><td class=\"column-4\">109 \u20ac<\/td>\n<\/tr>\n<tr class=\"row-7\">\n\t<td class=\"column-1\">Zwischensaison<\/td><td class=\"column-2\">06.09.2025<\/td><td class=\"column-3\">02.11.2025<\/td><td class=\"column-4\">89 \u20ac<\/td>\n<\/tr>\n<tr class=\"row-8\">\n\t<td class=\"column-1\">Nebensaison<\/td><td class=\"column-2\">03.11.2025<\/td><td class=\"column-3\">19.12.2025<\/td><td class=\"column-4\">74 \u20ac<\/td>\n<\/tr>\n<tr class=\"row-9\">\n\t<td class=\"column-1\">Weihnachten\/Silvester<\/td><td class=\"column-2\">20.12.2025<\/td><td class=\"column-3\">06.01.2026<\/td><td class=\"column-4\">109 \u20ac<\/td>\n<\/tr>\n<\/tbody>\n<\/table>\n<!-- #tablepress-8 from cache -->\n<p>** Aufbettung bei mehr als 2 Personen 21,00 \u20ac pro<br \/>\n\u00dcbernachtung und Person. Nicht Kinderbett.<\/p>\n<p><a class=\"maxbutton-1 maxbutton maxbutton-buchungsanfrage\" target=\"_blank\" rel=\"noopener\" href=\"http:\/\/solveig-sylt.de\/?page_id=31\"><span class='mb-text'>Buchungsanfrage<\/span><\/a>    <a class=\"maxbutton-2 maxbutton maxbutton-belegungsplan\" target=\"_blank\" rel=\"noopener\" href=\"https:\/\/zimmer.im-web.de\/belegungskalender.php?id=41866&amp;f=48032\"><span class='mb-text'>Belegungsplan<\/span><\/a><\/p>\n<p>Die Kurkartenabgabe ist direkt an den Vermieter zu entrichten.<\/p>\n<\/div>\n<\/div><\/div><\/div><\/div><\/div>","protected":false},"excerpt":{"rendered":"<p>Lage&nbsp; Dieses Appartement wurde nach DIN mit 3 Sternen bewertet. Es liegt im Erdgeschoss des Haupthauses, hat eine Gr\u00f6\u00dfe von ca. 45 qm und ist f\u00fcr bis zu 3 Personen belegbar. Ausstattung&nbsp; &#8211; Wohnzimmer mit ausziehbarer Couch, Schlafcouch, Kabel-\/SAT &#8211; TV, Flachbildfernseher, Radio &#8211; Wecker, W-Lan kostenlos auf dem Grundst\u00fcck verf\u00fcgbar. &#8211; Schlafzimmer mit Doppelbett, &hellip; <a href=\"https:\/\/solveig-sylt.de\/?page_id=27\" class=\"more-link\">Weiterlesen <span class=\"screen-reader-text\">Appartement &#8222;Friso&#8220;<\/span><\/a><\/p>\n","protected":false},"author":1,"featured_media":218,"parent":0,"menu_order":0,"comment_status":"closed","ping_status":"closed","template":"page-templates\/full-width-page.php","meta":{"ngg_post_thumbnail":0,"footnotes":""},"class_list":["post-27","page","type-page","status-publish","has-post-thumbnail","hentry","with-featured-image"],"_links":{"self":[{"href":"https:\/\/solveig-sylt.de\/index.php?rest_route=\/wp\/v2\/pages\/27","targetHints":{"allow":["GET"]}}],"collection":[{"href":"https:\/\/solveig-sylt.de\/index.php?rest_route=\/wp\/v2\/pages"}],"about":[{"href":"https:\/\/solveig-sylt.de\/index.php?rest_route=\/wp\/v2\/types\/page"}],"author":[{"embeddable":true,"href":"https:\/\/solveig-sylt.de\/index.php?rest_route=\/wp\/v2\/users\/1"}],"replies":[{"embeddable":true,"href":"https:\/\/solveig-sylt.de\/index.php?rest_route=%2Fwp%2Fv2%2Fcomments&post=27"}],"version-history":[{"count":27,"href":"https:\/\/solveig-sylt.de\/index.php?rest_route=\/wp\/v2\/pages\/27\/revisions"}],"predecessor-version":[{"id":566,"href":"https:\/\/solveig-sylt.de\/index.php?rest_route=\/wp\/v2\/pages\/27\/revisions\/566"}],"wp:featuredmedia":[{"embeddable":true,"href":"https:\/\/solveig-sylt.de\/index.php?rest_route=\/wp\/v2\/media\/218"}],"wp:attachment":[{"href":"https:\/\/solveig-sylt.de\/index.php?rest_route=%2Fwp%2Fv2%2Fmedia&parent=27"}],"curies":[{"name":"wp","href":"https:\/\/api.w.org\/{rel}","templated":true}]}}