{"id":20,"date":"2016-06-17T14:33:03","date_gmt":"2016-06-17T14:33:03","guid":{"rendered":"http:\/\/solveig-sylt.de\/?page_id=20"},"modified":"2023-10-10T10:39:37","modified_gmt":"2023-10-10T10:39:37","slug":"appartement-fynn","status":"publish","type":"page","link":"https:\/\/solveig-sylt.de\/?page_id=20","title":{"rendered":"Appartement &#8222;Fynn&#8220;"},"content":{"rendered":"<div id=\"pl-20\"  class=\"panel-layout\" ><div id=\"pg-20-0\"  class=\"panel-grid panel-no-style\" ><div id=\"pgc-20-0-0\"  class=\"panel-grid-cell\" ><div id=\"panel-20-0-0-0\" class=\"so-panel widget widget_sow-editor panel-first-child panel-last-child\" data-index=\"0\" ><div\n\t\t\t\n\t\t\tclass=\"so-widget-sow-editor so-widget-sow-editor-base\"\n\t\t\t\n\t\t>\n<div class=\"siteorigin-widget-tinymce textwidget\">\n\t<p><strong>Lage<\/strong><\/p>\n<p>Dieses Appartement wurde nach DIN mit 3 Sternen bewertet.<br \/>\nEs liegt in einem Anbau in der Gartenanlage, hat eine Gr\u00f6\u00dfe von ca. 16 qm und<br \/>\nist f\u00fcr 1 Personen ausgestattet.<\/p>\n<p><strong>Ausstattung&nbsp;<\/strong><\/p>\n<p>- kombierter Wohn- \/Schlafraum, mit fest eingebautem Bett,<br \/>\nKabel-\/SAT - TV, Flachbildfernseher, Radio - Wecker, W-Lan kostenlos vorhanden.<br \/>\n- Kochnische \/ K\u00fcchenzeile, komplett mit Geschirr ausgestattet,<br \/>\nElektroherd, Wasserkocher, Kaffee \/ Teemaschine.<br \/>\n- Dusche \/WC, Haarf\u00f6n, Kosmetikspiegel.<\/p>\n<p><strong>Saison 2023 \/ 2024<\/strong><\/p>\n<p>Preise gelten pro \u00dcbernachtung<br \/>\nW\u00e4schepaket 29,00 Euro<br \/>\nzuz\u00fcglich Endreinigung 55,00 \u20ac<\/p>\n<\/div>\n<\/div><\/div><\/div><div id=\"pgc-20-0-1\"  class=\"panel-grid-cell\" ><div id=\"panel-20-0-1-0\" class=\"so-panel widget widget_sow-editor panel-first-child panel-last-child\" data-index=\"1\" ><div\n\t\t\t\n\t\t\tclass=\"so-widget-sow-editor so-widget-sow-editor-base\"\n\t\t\t\n\t\t>\n<div class=\"siteorigin-widget-tinymce textwidget\">\n\t<p><!-- index.php -->\n<div\n\tclass=\"ngg-galleryoverview\n\t\t\"\n\tid=\"ngg-gallery-7e5f03bee662e4b345828464b8f7dbbf-1\">\n\n\t\t\t<!-- Thumbnails -->\n\t\t\t\t<div id=\"ngg-image-0\" class=\"ngg-gallery-thumbnail-box\"\n\t\t\t\t\t\t\t\t\t\t\t>\n\t\t\t\t\t\t<div class=\"ngg-gallery-thumbnail\">\n\t\t\t<a href=\"https:\/\/solveig-sylt.de\/wp-content\/gallery\/Appartement-Fynn\/1.jpg\"\n\t\t\t\ttitle=\"\"\n\t\t\t\tdata-src=\"https:\/\/solveig-sylt.de\/wp-content\/gallery\/Appartement-Fynn\/1.jpg\"\n\t\t\t\tdata-thumbnail=\"https:\/\/solveig-sylt.de\/wp-content\/gallery\/Appartement-Fynn\/thumbs\/thumbs_1.jpg\"\n\t\t\t\tdata-image-id=\"43\"\n\t\t\t\tdata-title=\"1\"\n\t\t\t\tdata-description=\"\"\n\t\t\t\tdata-image-slug=\"1-7\"\n\t\t\t\t\t\t\t\t\t\t\t\t\t\t\t\t\t\t\t\tclass=\"ngg-fancybox\" rel=\"7e5f03bee662e4b345828464b8f7dbbf\">\n\t\t\t\t\t\t\t\t<img\n\t\t\t\t\ttitle=\"1\"\n\t\t\t\t\talt=\"1\"\n\t\t\t\t\tsrc=\"https:\/\/solveig-sylt.de\/wp-content\/gallery\/Appartement-Fynn\/cache\/1.jpg-nggid0243-ngg0dyn-340x560x100-00f0w010c010r110f110r010t010.jpg\"\n\t\t\t\t\twidth=\"340\"\n\t\t\t\t\theight=\"255\"\n\t\t\t\t\tstyle=\"max-width:100%;\"\n\t\t\t\t\/>\n\t\t\t<\/a>\n\t\t<\/div>\n\t\t\t\t\t\t\t<\/div>\n\t\t\t\n\t\t\n\t\t\t\t<div id=\"ngg-image-1\" class=\"ngg-gallery-thumbnail-box\"\n\t\t\t\t\t\t\t\tstyle=&quot;display: none;&quot;\t\t\t>\n\t\t\t\t\t\t<div class=\"ngg-gallery-thumbnail\">\n\t\t\t<a href=\"https:\/\/solveig-sylt.de\/wp-content\/gallery\/Appartement-Fynn\/1-2.jpg\"\n\t\t\t\ttitle=\"\"\n\t\t\t\tdata-src=\"https:\/\/solveig-sylt.de\/wp-content\/gallery\/Appartement-Fynn\/1-2.jpg\"\n\t\t\t\tdata-thumbnail=\"https:\/\/solveig-sylt.de\/wp-content\/gallery\/Appartement-Fynn\/thumbs\/thumbs_1-2.jpg\"\n\t\t\t\tdata-image-id=\"39\"\n\t\t\t\tdata-title=\"1-2\"\n\t\t\t\tdata-description=\"\"\n\t\t\t\tdata-image-slug=\"1-2\"\n\t\t\t\t\t\t\t\t\t\t\t\t\t\t\t\t\t\t\t\tclass=\"ngg-fancybox\" rel=\"7e5f03bee662e4b345828464b8f7dbbf\">\n\t\t\t\t\t\t\t\t<img\n\t\t\t\t\ttitle=\"1-2\"\n\t\t\t\t\talt=\"1-2\"\n\t\t\t\t\tsrc=\"https:\/\/solveig-sylt.de\/wp-content\/gallery\/Appartement-Fynn\/cache\/1-2.jpg-nggid0239-ngg0dyn-340x560x100-00f0w010c010r110f110r010t010.jpg\"\n\t\t\t\t\twidth=\"340\"\n\t\t\t\t\theight=\"255\"\n\t\t\t\t\tstyle=\"max-width:100%;\"\n\t\t\t\t\/>\n\t\t\t<\/a>\n\t\t<\/div>\n\t\t\t\t\t\t\t<\/div>\n\t\t\t\n\t\t\n\t\t\t\t<div id=\"ngg-image-2\" class=\"ngg-gallery-thumbnail-box\"\n\t\t\t\t\t\t\t\tstyle=&quot;display: none;&quot;\t\t\t>\n\t\t\t\t\t\t<div class=\"ngg-gallery-thumbnail\">\n\t\t\t<a href=\"https:\/\/solveig-sylt.de\/wp-content\/gallery\/Appartement-Fynn\/1-4.jpg\"\n\t\t\t\ttitle=\"\"\n\t\t\t\tdata-src=\"https:\/\/solveig-sylt.de\/wp-content\/gallery\/Appartement-Fynn\/1-4.jpg\"\n\t\t\t\tdata-thumbnail=\"https:\/\/solveig-sylt.de\/wp-content\/gallery\/Appartement-Fynn\/thumbs\/thumbs_1-4.jpg\"\n\t\t\t\tdata-image-id=\"40\"\n\t\t\t\tdata-title=\"1-4\"\n\t\t\t\tdata-description=\"\"\n\t\t\t\tdata-image-slug=\"1-4\"\n\t\t\t\t\t\t\t\t\t\t\t\t\t\t\t\t\t\t\t\tclass=\"ngg-fancybox\" rel=\"7e5f03bee662e4b345828464b8f7dbbf\">\n\t\t\t\t\t\t\t\t<img\n\t\t\t\t\ttitle=\"1-4\"\n\t\t\t\t\talt=\"1-4\"\n\t\t\t\t\tsrc=\"https:\/\/solveig-sylt.de\/wp-content\/gallery\/Appartement-Fynn\/cache\/1-4.jpg-nggid0240-ngg0dyn-340x560x100-00f0w010c010r110f110r010t010.jpg\"\n\t\t\t\t\twidth=\"340\"\n\t\t\t\t\theight=\"255\"\n\t\t\t\t\tstyle=\"max-width:100%;\"\n\t\t\t\t\/>\n\t\t\t<\/a>\n\t\t<\/div>\n\t\t\t\t\t\t\t<\/div>\n\t\t\t\n\t\t\n\t\t\t\t<div id=\"ngg-image-3\" class=\"ngg-gallery-thumbnail-box\"\n\t\t\t\t\t\t\t\tstyle=&quot;display: none;&quot;\t\t\t>\n\t\t\t\t\t\t<div class=\"ngg-gallery-thumbnail\">\n\t\t\t<a href=\"https:\/\/solveig-sylt.de\/wp-content\/gallery\/Appartement-Fynn\/1-5.jpg\"\n\t\t\t\ttitle=\"\"\n\t\t\t\tdata-src=\"https:\/\/solveig-sylt.de\/wp-content\/gallery\/Appartement-Fynn\/1-5.jpg\"\n\t\t\t\tdata-thumbnail=\"https:\/\/solveig-sylt.de\/wp-content\/gallery\/Appartement-Fynn\/thumbs\/thumbs_1-5.jpg\"\n\t\t\t\tdata-image-id=\"41\"\n\t\t\t\tdata-title=\"1-5\"\n\t\t\t\tdata-description=\"\"\n\t\t\t\tdata-image-slug=\"1-5\"\n\t\t\t\t\t\t\t\t\t\t\t\t\t\t\t\t\t\t\t\tclass=\"ngg-fancybox\" rel=\"7e5f03bee662e4b345828464b8f7dbbf\">\n\t\t\t\t\t\t\t\t<img\n\t\t\t\t\ttitle=\"1-5\"\n\t\t\t\t\talt=\"1-5\"\n\t\t\t\t\tsrc=\"https:\/\/solveig-sylt.de\/wp-content\/gallery\/Appartement-Fynn\/cache\/1-5.jpg-nggid0241-ngg0dyn-340x560x100-00f0w010c010r110f110r010t010.jpg\"\n\t\t\t\t\twidth=\"340\"\n\t\t\t\t\theight=\"255\"\n\t\t\t\t\tstyle=\"max-width:100%;\"\n\t\t\t\t\/>\n\t\t\t<\/a>\n\t\t<\/div>\n\t\t\t\t\t\t\t<\/div>\n\t\t\t\n\t\t\n\t\t\t\t<div id=\"ngg-image-4\" class=\"ngg-gallery-thumbnail-box\"\n\t\t\t\t\t\t\t\tstyle=&quot;display: none;&quot;\t\t\t>\n\t\t\t\t\t\t<div class=\"ngg-gallery-thumbnail\">\n\t\t\t<a href=\"https:\/\/solveig-sylt.de\/wp-content\/gallery\/Appartement-Fynn\/1-6.jpg\"\n\t\t\t\ttitle=\"\"\n\t\t\t\tdata-src=\"https:\/\/solveig-sylt.de\/wp-content\/gallery\/Appartement-Fynn\/1-6.jpg\"\n\t\t\t\tdata-thumbnail=\"https:\/\/solveig-sylt.de\/wp-content\/gallery\/Appartement-Fynn\/thumbs\/thumbs_1-6.jpg\"\n\t\t\t\tdata-image-id=\"42\"\n\t\t\t\tdata-title=\"1-6\"\n\t\t\t\tdata-description=\"\"\n\t\t\t\tdata-image-slug=\"1-6\"\n\t\t\t\t\t\t\t\t\t\t\t\t\t\t\t\t\t\t\t\tclass=\"ngg-fancybox\" rel=\"7e5f03bee662e4b345828464b8f7dbbf\">\n\t\t\t\t\t\t\t\t<img\n\t\t\t\t\ttitle=\"1-6\"\n\t\t\t\t\talt=\"1-6\"\n\t\t\t\t\tsrc=\"https:\/\/solveig-sylt.de\/wp-content\/gallery\/Appartement-Fynn\/cache\/1-6.jpg-nggid0242-ngg0dyn-340x560x100-00f0w010c010r110f110r010t010.jpg\"\n\t\t\t\t\twidth=\"340\"\n\t\t\t\t\theight=\"255\"\n\t\t\t\t\tstyle=\"max-width:100%;\"\n\t\t\t\t\/>\n\t\t\t<\/a>\n\t\t<\/div>\n\t\t\t\t\t\t\t<\/div>\n\t\t\t\n\t\t\n\t\t\t\t<div id=\"ngg-image-5\" class=\"ngg-gallery-thumbnail-box\"\n\t\t\t\t\t\t\t\tstyle=&quot;display: none;&quot;\t\t\t>\n\t\t\t\t\t\t<div class=\"ngg-gallery-thumbnail\">\n\t\t\t<a href=\"https:\/\/solveig-sylt.de\/wp-content\/gallery\/Appartement-Fynn\/Fynn.jpg\"\n\t\t\t\ttitle=\"\"\n\t\t\t\tdata-src=\"https:\/\/solveig-sylt.de\/wp-content\/gallery\/Appartement-Fynn\/Fynn.jpg\"\n\t\t\t\tdata-thumbnail=\"https:\/\/solveig-sylt.de\/wp-content\/gallery\/Appartement-Fynn\/thumbs\/thumbs_Fynn.jpg\"\n\t\t\t\tdata-image-id=\"36\"\n\t\t\t\tdata-title=\"Fynn\"\n\t\t\t\tdata-description=\"\"\n\t\t\t\tdata-image-slug=\"fynn\"\n\t\t\t\t\t\t\t\t\t\t\t\t\t\t\t\t\t\t\t\tclass=\"ngg-fancybox\" rel=\"7e5f03bee662e4b345828464b8f7dbbf\">\n\t\t\t\t\t\t\t\t<img\n\t\t\t\t\ttitle=\"Fynn\"\n\t\t\t\t\talt=\"Fynn\"\n\t\t\t\t\tsrc=\"https:\/\/solveig-sylt.de\/wp-content\/gallery\/Appartement-Fynn\/cache\/Fynn.jpg-nggid0236-ngg0dyn-340x560x100-00f0w010c010r110f110r010t010.jpg\"\n\t\t\t\t\twidth=\"340\"\n\t\t\t\t\theight=\"348\"\n\t\t\t\t\tstyle=\"max-width:100%;\"\n\t\t\t\t\/>\n\t\t\t<\/a>\n\t\t<\/div>\n\t\t\t\t\t\t\t<\/div>\n\t\t\t\n\t\t\n\t\t\n\t\t<!-- Pagination -->\n\t\t<div class='ngg-navigation'><span class='current'>1<\/span>\n<a class='page-numbers' data-pageid='2' href='https:\/\/solveig-sylt.de\/index.php\/nggallery\/page\/2?page_id=20'>2<\/a>\n<span class='ellipsis'>...<\/span>\n<a class='page-numbers' data-pageid='6' href='https:\/\/solveig-sylt.de\/index.php\/nggallery\/page\/6?page_id=20'>6<\/a>\n<a class='prev' href='https:\/\/solveig-sylt.de\/index.php\/nggallery\/page\/2?page_id=20' data-pageid=\"2\">&#9658;<\/a><\/div>\t<\/div>\n<\/p>\n<\/div>\n<\/div><\/div><\/div><\/div><div id=\"pg-20-1\"  class=\"panel-grid panel-no-style\" ><div id=\"pgc-20-1-0\"  class=\"panel-grid-cell\" ><div id=\"panel-20-1-0-0\" class=\"so-panel widget widget_sow-editor panel-first-child panel-last-child\" data-index=\"2\" ><div\n\t\t\t\n\t\t\tclass=\"so-widget-sow-editor so-widget-sow-editor-base\"\n\t\t\t\n\t\t>\n<div class=\"siteorigin-widget-tinymce textwidget\">\n\t\n<table id=\"tablepress-2\" class=\"tablepress tablepress-id-2\">\n<thead>\n<tr class=\"row-1\">\n\t<th class=\"column-1\">Beschreibung<\/th><th class=\"column-2\">Beginn<\/th><th class=\"column-3\">Ende<\/th><th class=\"column-4\">Preis pro Nacht<\/th>\n<\/tr>\n<\/thead>\n<tbody class=\"row-striping row-hover\">\n<tr class=\"row-2\">\n\t<td class=\"column-1\">Nebensaison <\/td><td class=\"column-2\">06.01.2025<\/td><td class=\"column-3\">06.04.2025<\/td><td class=\"column-4\">49 \u20ac<\/td>\n<\/tr>\n<tr class=\"row-3\">\n\t<td class=\"column-1\">Zwischensaison<\/td><td class=\"column-2\">07.04.2025<\/td><td class=\"column-3\">02.06.2025<\/td><td class=\"column-4\">59 \u20ac<\/td>\n<\/tr>\n<tr class=\"row-4\">\n\t<td class=\"column-1\">Pfingsten<\/td><td class=\"column-2\">03.06.2025<\/td><td class=\"column-3\">14.06.2025<\/td><td class=\"column-4\">69 \u20ac<\/td>\n<\/tr>\n<tr class=\"row-5\">\n\t<td class=\"column-1\">Zwischensaison<\/td><td class=\"column-2\">15.06.2025<\/td><td class=\"column-3\">26.06.2025<\/td><td class=\"column-4\">59 \u20ac<\/td>\n<\/tr>\n<tr class=\"row-6\">\n\t<td class=\"column-1\">Hauptsaison<\/td><td class=\"column-2\">27.06.2025<\/td><td class=\"column-3\">05.09.2025<\/td><td class=\"column-4\">69 \u20ac<\/td>\n<\/tr>\n<tr class=\"row-7\">\n\t<td class=\"column-1\">Zwischensaison<\/td><td class=\"column-2\">06.09.2025<\/td><td class=\"column-3\">02.11.2025<\/td><td class=\"column-4\">59 \u20ac<\/td>\n<\/tr>\n<tr class=\"row-8\">\n\t<td class=\"column-1\">Nebensaison<\/td><td class=\"column-2\">03.11.2025<\/td><td class=\"column-3\">19.12.2025<\/td><td class=\"column-4\">49 \u20ac<\/td>\n<\/tr>\n<tr class=\"row-9\">\n\t<td class=\"column-1\">Weihnachten\/Silvester<\/td><td class=\"column-2\">20.12.2025<\/td><td class=\"column-3\">06.01.2026<\/td><td class=\"column-4\">69 \u20ac<\/td>\n<\/tr>\n<\/tbody>\n<\/table>\n<!-- #tablepress-2 from cache -->\n<p><a class=\"maxbutton-1 maxbutton maxbutton-buchungsanfrage\" target=\"_blank\" rel=\"noopener\" href=\"http:\/\/solveig-sylt.de\/?page_id=31\"><span class='mb-text'>Buchungsanfrage<\/span><\/a> <a class=\"maxbutton-2 maxbutton maxbutton-belegungsplan\" target=\"_blank\" rel=\"noopener\" href=\"https:\/\/zimmer.im-web.de\/belegungskalender.php?id=41866&amp;f=48032\"><span class='mb-text'>Belegungsplan<\/span><\/a><\/p>\n<p>Die Kurkartenabgabe ist direkt an den Vermieter zu entrichten.<\/p>\n<p>&nbsp;<\/p>\n<\/div>\n<\/div><\/div><\/div><\/div><\/div>","protected":false},"excerpt":{"rendered":"<p>Lage Dieses Appartement wurde nach DIN mit 3 Sternen bewertet. Es liegt in einem Anbau in der Gartenanlage, hat eine Gr\u00f6\u00dfe von ca. 16 qm und ist f\u00fcr 1 Personen ausgestattet. Ausstattung&nbsp; &#8211; kombierter Wohn- \/Schlafraum, mit fest eingebautem Bett, Kabel-\/SAT &#8211; TV, Flachbildfernseher, Radio &#8211; Wecker, W-Lan kostenlos vorhanden. &#8211; Kochnische \/ K\u00fcchenzeile, komplett &hellip; <a href=\"https:\/\/solveig-sylt.de\/?page_id=20\" class=\"more-link\">Weiterlesen <span class=\"screen-reader-text\">Appartement &#8222;Fynn&#8220;<\/span><\/a><\/p>\n","protected":false},"author":1,"featured_media":211,"parent":0,"menu_order":0,"comment_status":"closed","ping_status":"closed","template":"page-templates\/full-width-page.php","meta":{"ngg_post_thumbnail":0,"footnotes":""},"class_list":["post-20","page","type-page","status-publish","has-post-thumbnail","hentry","with-featured-image"],"_links":{"self":[{"href":"https:\/\/solveig-sylt.de\/index.php?rest_route=\/wp\/v2\/pages\/20","targetHints":{"allow":["GET"]}}],"collection":[{"href":"https:\/\/solveig-sylt.de\/index.php?rest_route=\/wp\/v2\/pages"}],"about":[{"href":"https:\/\/solveig-sylt.de\/index.php?rest_route=\/wp\/v2\/types\/page"}],"author":[{"embeddable":true,"href":"https:\/\/solveig-sylt.de\/index.php?rest_route=\/wp\/v2\/users\/1"}],"replies":[{"embeddable":true,"href":"https:\/\/solveig-sylt.de\/index.php?rest_route=%2Fwp%2Fv2%2Fcomments&post=20"}],"version-history":[{"count":38,"href":"https:\/\/solveig-sylt.de\/index.php?rest_route=\/wp\/v2\/pages\/20\/revisions"}],"predecessor-version":[{"id":563,"href":"https:\/\/solveig-sylt.de\/index.php?rest_route=\/wp\/v2\/pages\/20\/revisions\/563"}],"wp:featuredmedia":[{"embeddable":true,"href":"https:\/\/solveig-sylt.de\/index.php?rest_route=\/wp\/v2\/media\/211"}],"wp:attachment":[{"href":"https:\/\/solveig-sylt.de\/index.php?rest_route=%2Fwp%2Fv2%2Fmedia&parent=20"}],"curies":[{"name":"wp","href":"https:\/\/api.w.org\/{rel}","templated":true}]}}