{"id":2,"date":"2016-05-10T03:48:21","date_gmt":"2016-05-10T03:48:21","guid":{"rendered":"http:\/\/wp452m.a10-52-158-154.qa.plesk.ru\/wordpress\/?page_id=2"},"modified":"2023-01-24T09:20:44","modified_gmt":"2023-01-24T09:20:44","slug":"sample-page","status":"publish","type":"page","link":"https:\/\/solveig-sylt.de\/","title":{"rendered":"Herzlich Willkommen im Haus Solveig"},"content":{"rendered":"<p>Das Haus Solveig ist ein Haus im Herzen von Westerland mit 4 Ferienwohnungen in unterschiedlicher Gr\u00f6\u00dfe.<br \/>\nDie Appartements befinden sich in bevorzugter, gr\u00fcner und zentraler Wohnlage.<br \/>\n<a href=\"http:\/\/solveig-sylt.de\/?page_id=10\">Weiterlesen \u2192<\/a><\/p>\n","protected":false},"excerpt":{"rendered":"<p>Das Haus Solveig ist ein Haus im Herzen von Westerland mit 4 Ferienwohnungen in unterschiedlicher Gr\u00f6\u00dfe. Die Appartements befinden sich in bevorzugter, gr\u00fcner und zentraler Wohnlage. Weiterlesen \u2192<\/p>\n","protected":false},"author":1,"featured_media":57,"parent":0,"menu_order":0,"comment_status":"closed","ping_status":"open","template":"page-templates\/front-page.php","meta":{"ngg_post_thumbnail":0,"footnotes":""},"class_list":["post-2","page","type-page","status-publish","has-post-thumbnail","hentry","with-featured-image"],"_links":{"self":[{"href":"https:\/\/solveig-sylt.de\/index.php?rest_route=\/wp\/v2\/pages\/2","targetHints":{"allow":["GET"]}}],"collection":[{"href":"https:\/\/solveig-sylt.de\/index.php?rest_route=\/wp\/v2\/pages"}],"about":[{"href":"https:\/\/solveig-sylt.de\/index.php?rest_route=\/wp\/v2\/types\/page"}],"author":[{"embeddable":true,"href":"https:\/\/solveig-sylt.de\/index.php?rest_route=\/wp\/v2\/users\/1"}],"replies":[{"embeddable":true,"href":"https:\/\/solveig-sylt.de\/index.php?rest_route=%2Fwp%2Fv2%2Fcomments&post=2"}],"version-history":[{"count":9,"href":"https:\/\/solveig-sylt.de\/index.php?rest_route=\/wp\/v2\/pages\/2\/revisions"}],"predecessor-version":[{"id":551,"href":"https:\/\/solveig-sylt.de\/index.php?rest_route=\/wp\/v2\/pages\/2\/revisions\/551"}],"wp:featuredmedia":[{"embeddable":true,"href":"https:\/\/solveig-sylt.de\/index.php?rest_route=\/wp\/v2\/media\/57"}],"wp:attachment":[{"href":"https:\/\/solveig-sylt.de\/index.php?rest_route=%2Fwp%2Fv2%2Fmedia&parent=2"}],"curies":[{"name":"wp","href":"https:\/\/api.w.org\/{rel}","templated":true}]}}